{"id":30,"date":"2021-12-06T15:42:20","date_gmt":"2021-12-06T14:42:20","guid":{"rendered":"https:\/\/aurelie-chaboud.fr\/?page_id=30"},"modified":"2022-01-25T22:37:49","modified_gmt":"2022-01-25T21:37:49","slug":"galeries","status":"publish","type":"page","link":"https:\/\/aurelie-chaboud.fr\/?page_id=30","title":{"rendered":"Galeries"},"content":{"rendered":"\t\t<div data-elementor-type=\"wp-page\" data-elementor-id=\"30\" class=\"elementor elementor-30\" data-elementor-settings=\"[]\">\n\t\t\t\t\t\t\t<div class=\"elementor-section-wrap\">\n\t\t\t\t\t\t\t<section class=\"elementor-section elementor-top-section elementor-element elementor-element-d8bdc0c elementor-section-boxed elementor-section-height-default elementor-section-height-default\" data-id=\"d8bdc0c\" data-element_type=\"section\">\n\t\t\t\t\t\t<div class=\"elementor-container elementor-column-gap-default\">\n\t\t\t\t\t<div class=\"elementor-column elementor-col-100 elementor-top-column elementor-element elementor-element-59e9fe7\" data-id=\"59e9fe7\" data-element_type=\"column\">\n\t\t\t<div class=\"elementor-widget-wrap elementor-element-populated\">\n\t\t\t\t\t\t\t\t<div class=\"elementor-element elementor-element-10c7a41 elementor-widget elementor-widget-worktype-albums\" data-id=\"10c7a41\" data-element_type=\"widget\" data-widget_type=\"worktype-albums.default\">\n\t\t\t\t<div class=\"elementor-widget-container\">\n\t\t\t<div class=\"gridblock-columns-wrap portfolio-albums clearfix\"><div id=\"gridblock-container\" class=\"portfolio-gutter-spaced    has-effect-blur grid-style-classic gridblock-three clearfix\" data-columns=\"3\"><div class=\"gridblock-element  grid-animate-display-all \"><div class=\"gridblock-grid-element gridblock-element-inner\"><div class=\"gridblock-background-hover\"><a class=\"gridblock-sole-link\" href=\"https:\/\/aurelie-chaboud.fr\/?types=belle-ile-en-mer\"><div class=\"gridblock-links-wrap\">\n\t\t\t\t\t\t<span class=\"column-gridblock-icon\">\n\t\t\t\t\t\t\t<span class=\"hover-icon-effect\">\n\t\t\t\t\t\t\t\t<i class=\"ion-ios-photos\"><\/i>\n\t\t\t\t\t\t\t<\/span>\n\t\t\t\t\t\t<\/span><span class=\"album-item-count\"><span>21 Photos<\/span><\/span><\/div><\/a><\/div><img decoding=\"async\" class=\"preload-image displayed-image\" src=\"https:\/\/aurelie-chaboud.fr\/wp-content\/uploads\/2021\/12\/Belle-ile-102-770x550.jpg\" alt=\"01\"><\/div><div class=\"work-details\"><h4><a href=\"https:\/\/aurelie-chaboud.fr\/?types=belle-ile-en-mer\">Belle-\u00cele-en-Mer<\/a><\/h4><p class=\"entry-content work-description\"><\/p><\/div><\/div><div class=\"gridblock-element  grid-animate-display-all \"><div class=\"gridblock-grid-element gridblock-element-inner\"><div class=\"gridblock-background-hover\"><a class=\"gridblock-sole-link\" href=\"https:\/\/aurelie-chaboud.fr\/?types=ecosse\"><div class=\"gridblock-links-wrap\">\n\t\t\t\t\t\t<span class=\"column-gridblock-icon\">\n\t\t\t\t\t\t\t<span class=\"hover-icon-effect\">\n\t\t\t\t\t\t\t\t<i class=\"ion-ios-photos\"><\/i>\n\t\t\t\t\t\t\t<\/span>\n\t\t\t\t\t\t<\/span><span class=\"album-item-count\"><span>15 Photos<\/span><\/span><\/div><\/a><\/div><img decoding=\"async\" class=\"preload-image displayed-image\" src=\"https:\/\/aurelie-chaboud.fr\/wp-content\/uploads\/2021\/12\/Ecosse102-770x550.jpg\" alt=\"01\"><\/div><div class=\"work-details\"><h4><a href=\"https:\/\/aurelie-chaboud.fr\/?types=ecosse\">\u00c9cosse<\/a><\/h4><p class=\"entry-content work-description\"><\/p><\/div><\/div><div class=\"gridblock-element  grid-animate-display-all \"><div class=\"gridblock-grid-element gridblock-element-inner\"><div class=\"gridblock-background-hover\"><a class=\"gridblock-sole-link\" href=\"https:\/\/aurelie-chaboud.fr\/?types=fleurs\"><div class=\"gridblock-links-wrap\">\n\t\t\t\t\t\t<span class=\"column-gridblock-icon\">\n\t\t\t\t\t\t\t<span class=\"hover-icon-effect\">\n\t\t\t\t\t\t\t\t<i class=\"ion-ios-photos\"><\/i>\n\t\t\t\t\t\t\t<\/span>\n\t\t\t\t\t\t<\/span><span class=\"album-item-count\"><span>12 Photos<\/span><\/span><\/div><\/a><\/div><img decoding=\"async\" class=\"preload-image displayed-image\" src=\"https:\/\/aurelie-chaboud.fr\/wp-content\/uploads\/2021\/12\/Fleurs102-770x550.jpg\" alt=\"01\"><\/div><div class=\"work-details\"><h4><a href=\"https:\/\/aurelie-chaboud.fr\/?types=fleurs\">Fleurs<\/a><\/h4><p class=\"entry-content work-description\"><\/p><\/div><\/div><div class=\"gridblock-element  grid-animate-display-all \"><div class=\"gridblock-grid-element gridblock-element-inner\"><div class=\"gridblock-background-hover\"><a class=\"gridblock-sole-link\" href=\"https:\/\/aurelie-chaboud.fr\/?types=la-grave-la-meije\"><div class=\"gridblock-links-wrap\">\n\t\t\t\t\t\t<span class=\"column-gridblock-icon\">\n\t\t\t\t\t\t\t<span class=\"hover-icon-effect\">\n\t\t\t\t\t\t\t\t<i class=\"ion-ios-photos\"><\/i>\n\t\t\t\t\t\t\t<\/span>\n\t\t\t\t\t\t<\/span><span class=\"album-item-count\"><span>39 Photos<\/span><\/span><\/div><\/a><\/div><img decoding=\"async\" class=\"preload-image displayed-image\" src=\"https:\/\/aurelie-chaboud.fr\/wp-content\/uploads\/2021\/12\/Lameije101-770x550.jpg\" alt=\"01\"><\/div><div class=\"work-details\"><h4><a href=\"https:\/\/aurelie-chaboud.fr\/?types=la-grave-la-meije\">La Grave La Meije<\/a><\/h4><p class=\"entry-content work-description\"><\/p><\/div><\/div><div class=\"gridblock-element  grid-animate-display-all \"><div class=\"gridblock-grid-element gridblock-element-inner\"><div class=\"gridblock-background-hover\"><a class=\"gridblock-sole-link\" href=\"https:\/\/aurelie-chaboud.fr\/?types=namibie\"><div class=\"gridblock-links-wrap\">\n\t\t\t\t\t\t<span class=\"column-gridblock-icon\">\n\t\t\t\t\t\t\t<span class=\"hover-icon-effect\">\n\t\t\t\t\t\t\t\t<i class=\"ion-ios-photos\"><\/i>\n\t\t\t\t\t\t\t<\/span>\n\t\t\t\t\t\t<\/span><span class=\"album-item-count\"><span>49 Photos<\/span><\/span><\/div><\/a><\/div><img decoding=\"async\" class=\"preload-image displayed-image\" src=\"https:\/\/aurelie-chaboud.fr\/wp-content\/uploads\/2021\/12\/Namibie101-770x550.jpg\" alt=\"01\"><\/div><div class=\"work-details\"><h4><a href=\"https:\/\/aurelie-chaboud.fr\/?types=namibie\">Namibie c\u00f4t\u00e9 d\u00e9sert<\/a><\/h4><p class=\"entry-content work-description\"><\/p><\/div><\/div><div class=\"gridblock-element  grid-animate-display-all \"><div class=\"gridblock-grid-element gridblock-element-inner\"><div class=\"gridblock-background-hover\"><a class=\"gridblock-sole-link\" href=\"https:\/\/aurelie-chaboud.fr\/?types=namibie-cote-safari\"><div class=\"gridblock-links-wrap\">\n\t\t\t\t\t\t<span class=\"column-gridblock-icon\">\n\t\t\t\t\t\t\t<span class=\"hover-icon-effect\">\n\t\t\t\t\t\t\t\t<i class=\"ion-ios-photos\"><\/i>\n\t\t\t\t\t\t\t<\/span>\n\t\t\t\t\t\t<\/span><span class=\"album-item-count\"><span>21 Photos<\/span><\/span><\/div><\/a><\/div><img decoding=\"async\" class=\"preload-image displayed-image\" src=\"https:\/\/aurelie-chaboud.fr\/wp-content\/uploads\/2022\/01\/M6A0014-770x550.jpg\" alt=\"01\"><\/div><div class=\"work-details\"><h4><a href=\"https:\/\/aurelie-chaboud.fr\/?types=namibie-cote-safari\">Namibie c\u00f4t\u00e9 safari<\/a><\/h4><p class=\"entry-content work-description\"><\/p><\/div><\/div><\/div><\/div>\t\t<\/div>\n\t\t\t\t<\/div>\n\t\t\t\t\t<\/div>\n\t\t<\/div>\n\t\t\t\t\t\t\t<\/div>\n\t\t<\/section>\n\t\t\t\t\t\t<\/div>\n\t\t\t\t\t<\/div>\n\t\t","protected":false},"excerpt":{"rendered":"<p>21 Photos Belle-\u00cele-en-Mer 15 Photos \u00c9cosse 9 Photos Fleurs 39 Photos La Grave La Meije 49 Photos Namibie c\u00f4t\u00e9 d\u00e9sert 1 Photo Namibie c\u00f4t\u00e9 safari<\/p>\n","protected":false},"author":1,"featured_media":0,"parent":0,"menu_order":0,"comment_status":"open","ping_status":"closed","template":"elementor_header_footer","meta":{"footnotes":""},"_links":{"self":[{"href":"https:\/\/aurelie-chaboud.fr\/index.php?rest_route=\/wp\/v2\/pages\/30"}],"collection":[{"href":"https:\/\/aurelie-chaboud.fr\/index.php?rest_route=\/wp\/v2\/pages"}],"about":[{"href":"https:\/\/aurelie-chaboud.fr\/index.php?rest_route=\/wp\/v2\/types\/page"}],"author":[{"embeddable":true,"href":"https:\/\/aurelie-chaboud.fr\/index.php?rest_route=\/wp\/v2\/users\/1"}],"replies":[{"embeddable":true,"href":"https:\/\/aurelie-chaboud.fr\/index.php?rest_route=%2Fwp%2Fv2%2Fcomments&post=30"}],"version-history":[{"count":58,"href":"https:\/\/aurelie-chaboud.fr\/index.php?rest_route=\/wp\/v2\/pages\/30\/revisions"}],"predecessor-version":[{"id":1324,"href":"https:\/\/aurelie-chaboud.fr\/index.php?rest_route=\/wp\/v2\/pages\/30\/revisions\/1324"}],"wp:attachment":[{"href":"https:\/\/aurelie-chaboud.fr\/index.php?rest_route=%2Fwp%2Fv2%2Fmedia&parent=30"}],"curies":[{"name":"wp","href":"https:\/\/api.w.org\/{rel}","templated":true}]}}