{"id":37,"date":"2021-12-06T15:43:05","date_gmt":"2021-12-06T14:43:05","guid":{"rendered":"https:\/\/aurelie-chaboud.fr\/?page_id=37"},"modified":"2022-01-18T12:01:13","modified_gmt":"2022-01-18T11:01:13","slug":"expositions","status":"publish","type":"page","link":"https:\/\/aurelie-chaboud.fr\/?page_id=37","title":{"rendered":"Expositions"},"content":{"rendered":"\t\t<div data-elementor-type=\"wp-page\" data-elementor-id=\"37\" class=\"elementor elementor-37\" data-elementor-settings=\"[]\">\n\t\t\t\t\t\t\t<div class=\"elementor-section-wrap\">\n\t\t\t\t\t\t\t<section class=\"elementor-section elementor-top-section elementor-element elementor-element-d8d535c elementor-section-boxed elementor-section-height-default elementor-section-height-default\" data-id=\"d8d535c\" data-element_type=\"section\">\n\t\t\t\t\t\t<div class=\"elementor-container elementor-column-gap-default\">\n\t\t\t\t\t<div class=\"elementor-column elementor-col-100 elementor-top-column elementor-element elementor-element-035f7c2\" data-id=\"035f7c2\" data-element_type=\"column\">\n\t\t\t<div class=\"elementor-widget-wrap elementor-element-populated\">\n\t\t\t\t\t\t\t\t<div class=\"elementor-element elementor-element-1ec6d38 elementor-widget elementor-widget-events-grid\" data-id=\"1ec6d38\" data-element_type=\"widget\" data-widget_type=\"events-grid.default\">\n\t\t\t\t<div class=\"elementor-widget-container\">\n\t\t\t<div class=\"portfolio-grid-container portfolio-gridblock-columns-wrap grid-has-events\"><div id=\"gridblock-container\" class=\"portfolio-gutter-spaced    has-effect-zoom grid-style-classic gridblock-two clearfix\" data-columns=\"2\"><div class=\"gridblock-element grid-animate-display-all isotope-displayed gridblock-element-id-389 gridblock-element-order-1  gridblock-filterable filter-9 \" data-portfolio=\"portfolio-389\" data-id=\"id-2\"><div class=\"gridblock-grid-element gridblock-element-inner\" data-portfolioid=\"389\"><div class=\"gridblock-background-hover\"><a class=\"gridblock-sole-link\" href=\"https:\/\/aurelie-chaboud.fr\/?events=389\"><div class=\"gridblock-links-wrap box-title-\"><span class=\"column-gridblock-icon\"><span class=\"hover-icon-effect\"><i class=\"ion-ios-plus-empty\"><\/i><\/span><\/span><\/div><\/a><\/div><img decoding=\"async\" src=\"https:\/\/aurelie-chaboud.fr\/wp-content\/themes\/blacksilver\/images\/placeholders\/placeholder-770x550.gif\" data-src=\"https:\/\/aurelie-chaboud.fr\/wp-content\/uploads\/2021\/12\/E2014_01-1-770x550.jpg\" alt=\"\" class=\"displayed-image lazyload\"\/><\/div><div class=\"work-details\"><div class=\"events-summary-wrap\"><div class=\"worktype-categories\">1 d\u00e9cembre 2013<span class=\"date-seperator\"> - <\/span>31 mars 2014<\/div><\/div><h4><a href=\"https:\/\/aurelie-chaboud.fr\/?events=389\">Exposition 2014<\/a><\/h4><a class=\"theme-btn-link\" href=\"https:\/\/aurelie-chaboud.fr\/?events=389\"><div class=\"theme-btn theme-btn-outline-primary theme-hover-arrow\"> D\u00e9tails de l&#039;\u00e9v\u00e8nement<\/div><\/a><\/div><\/div><\/div><\/div>\t\t<\/div>\n\t\t\t\t<\/div>\n\t\t\t\t\t<\/div>\n\t\t<\/div>\n\t\t\t\t\t\t\t<\/div>\n\t\t<\/section>\n\t\t\t\t\t\t<\/div>\n\t\t\t\t\t<\/div>\n\t\t","protected":false},"excerpt":{"rendered":"<p>1 d\u00e9cembre 2013 &#8211; 31 mars 2014 Exposition 2014 D\u00e9tails de l&#039;\u00e9v\u00e8nement<\/p>\n","protected":false},"author":1,"featured_media":0,"parent":0,"menu_order":0,"comment_status":"closed","ping_status":"closed","template":"elementor_header_footer","meta":{"footnotes":""},"_links":{"self":[{"href":"https:\/\/aurelie-chaboud.fr\/index.php?rest_route=\/wp\/v2\/pages\/37"}],"collection":[{"href":"https:\/\/aurelie-chaboud.fr\/index.php?rest_route=\/wp\/v2\/pages"}],"about":[{"href":"https:\/\/aurelie-chaboud.fr\/index.php?rest_route=\/wp\/v2\/types\/page"}],"author":[{"embeddable":true,"href":"https:\/\/aurelie-chaboud.fr\/index.php?rest_route=\/wp\/v2\/users\/1"}],"replies":[{"embeddable":true,"href":"https:\/\/aurelie-chaboud.fr\/index.php?rest_route=%2Fwp%2Fv2%2Fcomments&post=37"}],"version-history":[{"count":7,"href":"https:\/\/aurelie-chaboud.fr\/index.php?rest_route=\/wp\/v2\/pages\/37\/revisions"}],"predecessor-version":[{"id":1051,"href":"https:\/\/aurelie-chaboud.fr\/index.php?rest_route=\/wp\/v2\/pages\/37\/revisions\/1051"}],"wp:attachment":[{"href":"https:\/\/aurelie-chaboud.fr\/index.php?rest_route=%2Fwp%2Fv2%2Fmedia&parent=37"}],"curies":[{"name":"wp","href":"https:\/\/api.w.org\/{rel}","templated":true}]}}